{"id":1265,"date":"2020-11-25T18:34:32","date_gmt":"2020-11-25T17:34:32","guid":{"rendered":"https:\/\/design.inexence.group\/?page_id=1265"},"modified":"2020-11-25T18:34:32","modified_gmt":"2020-11-25T17:34:32","slug":"politique-qualite","status":"publish","type":"page","link":"https:\/\/design.inexence.group\/en\/politique-qualite\/","title":{"rendered":"Politique Qualit\u00e9"},"content":{"rendered":"<div class=\"wpb-content-wrapper\"><div data-vc-full-width=\"true\" data-vc-full-width-init=\"false\" data-vc-stretch-content=\"true\" class=\"vc_row wpb_row vc_row-fluid vc_custom_1580484431267 vc_row-has-fill\"><div class=\"wpb_column vc_column_container vc_col-sm-12 sc_layouts_column_icons_position_left\"><div class=\"vc_column-inner\"><div class=\"wpb_wrapper\">\n\t<div class=\"wpb_text_column wpb_content_element vc_custom_1580484955159\" >\n\t\t<div class=\"wpb_wrapper\">\n\t\t\t<p class=\"p1\"><span class=\"s1\">Depuis de nombreuses ann\u00e9es, le groupe INEXENCE\u00a0a f\u00e9d\u00e9r\u00e9 des soci\u00e9t\u00e9s dans des domaines d\u2019expertises compl\u00e9mentaires pour accroitre la satisfaction de ses clients.<\/span><\/p>\n<p class=\"p1\"><span class=\"s1\">Sa\u00a0mission\u00a0consiste \u00e0 proposer ses comp\u00e9tences \u00e0 tout niveau et de fournir une prestation compl\u00e8te et performante sur la mise en \u0153uvre de produits de qualit\u00e9. Les qualifications obtenues t\u00e9moignent de la reconnaissance de ses comp\u00e9tences mais aussi de son engagement dans une d\u00e9marche de progr\u00e8s constant.<\/span><\/p>\n\n\t\t<\/div>\n\t<\/div>\n<\/div><\/div><\/div><\/div><div class=\"vc_row-full-width vc_clearfix\"><\/div><div data-vc-full-width=\"true\" data-vc-full-width-init=\"false\" data-vc-stretch-content=\"true\" class=\"vc_row wpb_row vc_row-fluid vc_row-o-equal-height vc_row-o-content-middle vc_row-flex\"><div data-vc-parallax=\"1.5\" data-vc-parallax-image=\"https:\/\/design.inexence.group\/wp-content\/uploads\/sites\/19\/2019\/04\/Bannie\u0300re-inexence-oi.jpg\" class=\"wpb_column vc_column_container vc_col-sm-6 vc_col-has-fill vc_general vc_parallax vc_parallax-content-moving sc_layouts_column_icons_position_left\"><div class=\"vc_column-inner\"><div class=\"wpb_wrapper\"><\/div><\/div><\/div><div class=\"wpb_column vc_column_container vc_col-sm-6 vc_col-has-fill sc_layouts_column_icons_position_left\"><div class=\"vc_column-inner vc_custom_1606325661807\"><div class=\"wpb_wrapper\">\n\t<div class=\"wpb_text_column wpb_content_element vc_custom_1580484853665\" >\n\t\t<div class=\"wpb_wrapper\">\n\t\t\t<div style=\"color: #fff;\">\n<p class=\"p1\"><span class=\"s1\">Ses\u00a0valeurs\u00a0sont port\u00e9es par :<\/span><\/p>\n<ul class=\"ul1\">\n<li class=\"li2\"><span class=\"s3\">la\u00a0connaissance des techniques et des march\u00e9s <\/span><\/li>\n<li class=\"li2\"><span class=\"s3\">la p\u00e9rennisation des relations avec ses clients et sa constante satisfaction <\/span><\/li>\n<li class=\"li2\"><span class=\"s3\">un esprit d&rsquo;\u00e9quipe\u00a0et une forte coh\u00e9sion au sein du groupe<\/span><\/li>\n<li class=\"li2\"><span class=\"s3\">une communication \u00e9galitaire\u00a0vis-\u00e0-vis des salari\u00e9s, de ses partenaires et ses collaborateurs.<\/span><\/li>\n<\/ul>\n<\/div>\n\n\t\t<\/div>\n\t<\/div>\n<\/div><\/div><\/div><\/div><div class=\"vc_row-full-width vc_clearfix\"><\/div><div data-vc-full-width=\"true\" data-vc-full-width-init=\"false\" data-vc-stretch-content=\"true\" class=\"vc_row wpb_row vc_row-fluid vc_custom_1580484431267 vc_row-has-fill\"><div class=\"wpb_column vc_column_container vc_col-sm-12 sc_layouts_column_icons_position_left\"><div class=\"vc_column-inner\"><div class=\"wpb_wrapper\">\n\t<div class=\"wpb_text_column wpb_content_element vc_custom_1580484965542\" >\n\t\t<div class=\"wpb_wrapper\">\n\t\t\t<p class=\"p1\"><span class=\"s1\">Pour cela,\u00a0le groupe INEXENCE\u00a0int\u00e8gre un syst\u00e8me de management de la Qualit\u00e9 \u00e9tabli sur des objectifs de performance :<\/span><\/p>\n<ul class=\"ul1\">\n<li class=\"li2\"><span class=\"s3\">la proposition d\u2019un service complet, de produits \u00e0 forte valeur ajout\u00e9e et des m\u00e9thodes de travail maitris\u00e9e par :<\/span>\n<ul class=\"ul1\">\n<li class=\"li2\"><span class=\"s3\">la conformit\u00e9 aux exigences r\u00e9glementaires et normatives,<\/span><\/li>\n<li class=\"li2\"><span class=\"s3\">la sensibilisation vis-\u00e0-vis de la protection de l\u2019environnement, <\/span><\/li>\n<li class=\"li3\"><span class=\"s3\">la formation par le biais du parrainage de nos compagnons.<\/span><\/li>\n<\/ul>\n<\/li>\n<li class=\"li2\"><span class=\"s3\">une \u00e9coute attentive de l&rsquo;ensemble des parties int\u00e9ress\u00e9es pour les satisfaire,<\/span><\/li>\n<li class=\"li2\"><span class=\"s3\">une parfaite adaptation du savoir-faire et de l&rsquo;organisation,<\/span><\/li>\n<li class=\"li2\"><span class=\"s3\">une dynamique d&rsquo;information, de sensibilisation et d&rsquo;am\u00e9lioration continue qui concerne l&rsquo;ensemble du personnel.<\/span><\/li>\n<\/ul>\n\n\t\t<\/div>\n\t<\/div>\n<\/div><\/div><\/div><\/div><div class=\"vc_row-full-width vc_clearfix\"><\/div><div data-vc-full-width=\"true\" data-vc-full-width-init=\"false\" data-vc-stretch-content=\"true\" class=\"vc_row wpb_row vc_row-fluid vc_row-o-equal-height vc_row-o-content-middle vc_row-flex\"><div class=\"wpb_column vc_column_container vc_col-sm-6 vc_col-has-fill sc_layouts_column_icons_position_left\"><div class=\"vc_column-inner vc_custom_1606325668940\"><div class=\"wpb_wrapper\">\n\t<div class=\"wpb_text_column wpb_content_element vc_custom_1580484896458\" >\n\t\t<div class=\"wpb_wrapper\">\n\t\t\t<div style=\"color: #fff;\">\n<p class=\"p1\">La politique Qualit\u00e9 du groupe s\u2019articule autour de la satisfaction de nos clients et de l\u2019am\u00e9lioration continue. Ces principes sont port\u00e9s par la direction et relay\u00e9s par les responsables en charge du pilotage de notre systeme de management de la Qualit\u00e9.<\/p>\n<\/div>\n\n\t\t<\/div>\n\t<\/div>\n<\/div><\/div><\/div><div data-vc-parallax=\"1.5\" data-vc-parallax-image=\"https:\/\/design.inexence.group\/wp-content\/uploads\/sites\/19\/2019\/01\/mineral-vegetal.jpg\" class=\"wpb_column vc_column_container vc_col-sm-6 vc_col-has-fill vc_general vc_parallax vc_parallax-content-moving sc_layouts_column_icons_position_left\"><div class=\"vc_column-inner\"><div class=\"wpb_wrapper\"><\/div><\/div><\/div><\/div><div class=\"vc_row-full-width vc_clearfix\"><\/div>\n<\/div>","protected":false},"excerpt":{"rendered":"Depuis de nombreuses ann\u00e9es, le groupe INEXENCE\u00a0a f\u00e9d\u00e9r\u00e9 des soci\u00e9t\u00e9s dans des domaines d\u2019expertises compl\u00e9mentaires pour accroitre la satisfaction de ses clients. Sa\u00a0mission\u00a0consiste \u00e0 proposer ses comp\u00e9tences \u00e0 tout niveau et de fournir une prestation compl\u00e8te et performante sur la mise en \u0153uvre de produits de qualit\u00e9. Les qualifications obtenues t\u00e9moignent de la reconnaissance de ses comp\u00e9tences mais aussi de&hellip;","protected":false},"author":1,"featured_media":0,"parent":0,"menu_order":0,"comment_status":"closed","ping_status":"closed","template":"","meta":{"inline_featured_image":false,"footnotes":""},"class_list":["post-1265","page","type-page","status-publish","hentry"],"yoast_head":"<!-- This site is optimized with the Yoast SEO plugin v24.1 - https:\/\/yoast.com\/wordpress\/plugins\/seo\/ -->\n<title>Politique Qualit\u00e9 - INEXENCE - Design &amp; Ext\u00e9rieur<\/title>\n<meta name=\"robots\" content=\"index, follow, max-snippet:-1, max-image-preview:large, max-video-preview:-1\" \/>\n<link rel=\"canonical\" href=\"https:\/\/design.inexence.group\/en\/politique-qualite\/\" \/>\n<meta property=\"og:locale\" content=\"en_GB\" \/>\n<meta property=\"og:type\" content=\"article\" \/>\n<meta property=\"og:title\" content=\"Politique Qualit\u00e9 - INEXENCE - Design &amp; Ext\u00e9rieur\" \/>\n<meta property=\"og:url\" content=\"https:\/\/design.inexence.group\/en\/politique-qualite\/\" \/>\n<meta property=\"og:site_name\" content=\"INEXENCE - Design &amp; Ext\u00e9rieur\" \/>\n<meta name=\"twitter:card\" content=\"summary_large_image\" \/>\n<meta name=\"twitter:label1\" content=\"Estimated reading time\" \/>\n\t<meta name=\"twitter:data1\" content=\"2 minutes\" \/>\n<script type=\"application\/ld+json\" class=\"yoast-schema-graph\">{\"@context\":\"https:\/\/schema.org\",\"@graph\":[{\"@type\":\"WebPage\",\"@id\":\"https:\/\/design.inexence.group\/politique-qualite\/\",\"url\":\"https:\/\/design.inexence.group\/politique-qualite\/\",\"name\":\"Politique Qualit\u00e9 - INEXENCE - Design &amp; Ext\u00e9rieur\",\"isPartOf\":{\"@id\":\"https:\/\/design.inexence.group\/#website\"},\"datePublished\":\"2020-11-25T17:34:32+00:00\",\"dateModified\":\"2020-11-25T17:34:32+00:00\",\"breadcrumb\":{\"@id\":\"https:\/\/design.inexence.group\/politique-qualite\/#breadcrumb\"},\"inLanguage\":\"en-GB\",\"potentialAction\":[{\"@type\":\"ReadAction\",\"target\":[\"https:\/\/design.inexence.group\/politique-qualite\/\"]}]},{\"@type\":\"BreadcrumbList\",\"@id\":\"https:\/\/design.inexence.group\/politique-qualite\/#breadcrumb\",\"itemListElement\":[{\"@type\":\"ListItem\",\"position\":1,\"name\":\"Accueil\",\"item\":\"https:\/\/design.inexence.group\/\"},{\"@type\":\"ListItem\",\"position\":2,\"name\":\"Politique Qualit\u00e9\"}]},{\"@type\":\"WebSite\",\"@id\":\"https:\/\/design.inexence.group\/#website\",\"url\":\"https:\/\/design.inexence.group\/\",\"name\":\"INEXENCE - Design &amp; Ext\u00e9rieur\",\"description\":\"\",\"publisher\":{\"@id\":\"https:\/\/design.inexence.group\/#organization\"},\"potentialAction\":[{\"@type\":\"SearchAction\",\"target\":{\"@type\":\"EntryPoint\",\"urlTemplate\":\"https:\/\/design.inexence.group\/?s={search_term_string}\"},\"query-input\":{\"@type\":\"PropertyValueSpecification\",\"valueRequired\":true,\"valueName\":\"search_term_string\"}}],\"inLanguage\":\"en-GB\"},{\"@type\":\"Organization\",\"@id\":\"https:\/\/design.inexence.group\/#organization\",\"name\":\"INEXENCE Protection - Oc\u00e9an Indien\",\"url\":\"https:\/\/design.inexence.group\/\",\"logo\":{\"@type\":\"ImageObject\",\"inLanguage\":\"en-GB\",\"@id\":\"https:\/\/design.inexence.group\/#\/schema\/logo\/image\/\",\"url\":\"https:\/\/design.inexence.group\/wp-content\/uploads\/sites\/19\/2019\/07\/Logo-Inexence-Protection-OI.png\",\"contentUrl\":\"https:\/\/design.inexence.group\/wp-content\/uploads\/sites\/19\/2019\/07\/Logo-Inexence-Protection-OI.png\",\"width\":1039,\"height\":930,\"caption\":\"INEXENCE Protection - Oc\u00e9an Indien\"},\"image\":{\"@id\":\"https:\/\/design.inexence.group\/#\/schema\/logo\/image\/\"}}]}<\/script>\n<!-- \/ Yoast SEO plugin. -->","yoast_head_json":{"title":"Politique Qualit\u00e9 - INEXENCE - Design &amp; Ext\u00e9rieur","robots":{"index":"index","follow":"follow","max-snippet":"max-snippet:-1","max-image-preview":"max-image-preview:large","max-video-preview":"max-video-preview:-1"},"canonical":"https:\/\/design.inexence.group\/en\/politique-qualite\/","og_locale":"en_GB","og_type":"article","og_title":"Politique Qualit\u00e9 - INEXENCE - Design &amp; Ext\u00e9rieur","og_url":"https:\/\/design.inexence.group\/en\/politique-qualite\/","og_site_name":"INEXENCE - Design &amp; Ext\u00e9rieur","twitter_card":"summary_large_image","twitter_misc":{"Estimated reading time":"2 minutes"},"schema":{"@context":"https:\/\/schema.org","@graph":[{"@type":"WebPage","@id":"https:\/\/design.inexence.group\/politique-qualite\/","url":"https:\/\/design.inexence.group\/politique-qualite\/","name":"Politique Qualit\u00e9 - INEXENCE - Design &amp; Ext\u00e9rieur","isPartOf":{"@id":"https:\/\/design.inexence.group\/#website"},"datePublished":"2020-11-25T17:34:32+00:00","dateModified":"2020-11-25T17:34:32+00:00","breadcrumb":{"@id":"https:\/\/design.inexence.group\/politique-qualite\/#breadcrumb"},"inLanguage":"en-GB","potentialAction":[{"@type":"ReadAction","target":["https:\/\/design.inexence.group\/politique-qualite\/"]}]},{"@type":"BreadcrumbList","@id":"https:\/\/design.inexence.group\/politique-qualite\/#breadcrumb","itemListElement":[{"@type":"ListItem","position":1,"name":"Accueil","item":"https:\/\/design.inexence.group\/"},{"@type":"ListItem","position":2,"name":"Politique Qualit\u00e9"}]},{"@type":"WebSite","@id":"https:\/\/design.inexence.group\/#website","url":"https:\/\/design.inexence.group\/","name":"INEXENCE - Design &amp; Ext\u00e9rieur","description":"","publisher":{"@id":"https:\/\/design.inexence.group\/#organization"},"potentialAction":[{"@type":"SearchAction","target":{"@type":"EntryPoint","urlTemplate":"https:\/\/design.inexence.group\/?s={search_term_string}"},"query-input":{"@type":"PropertyValueSpecification","valueRequired":true,"valueName":"search_term_string"}}],"inLanguage":"en-GB"},{"@type":"Organization","@id":"https:\/\/design.inexence.group\/#organization","name":"INEXENCE Protection - Oc\u00e9an Indien","url":"https:\/\/design.inexence.group\/","logo":{"@type":"ImageObject","inLanguage":"en-GB","@id":"https:\/\/design.inexence.group\/#\/schema\/logo\/image\/","url":"https:\/\/design.inexence.group\/wp-content\/uploads\/sites\/19\/2019\/07\/Logo-Inexence-Protection-OI.png","contentUrl":"https:\/\/design.inexence.group\/wp-content\/uploads\/sites\/19\/2019\/07\/Logo-Inexence-Protection-OI.png","width":1039,"height":930,"caption":"INEXENCE Protection - Oc\u00e9an Indien"},"image":{"@id":"https:\/\/design.inexence.group\/#\/schema\/logo\/image\/"}}]}},"_links":{"self":[{"href":"https:\/\/design.inexence.group\/en\/wp-json\/wp\/v2\/pages\/1265","targetHints":{"allow":["GET"]}}],"collection":[{"href":"https:\/\/design.inexence.group\/en\/wp-json\/wp\/v2\/pages"}],"about":[{"href":"https:\/\/design.inexence.group\/en\/wp-json\/wp\/v2\/types\/page"}],"author":[{"embeddable":true,"href":"https:\/\/design.inexence.group\/en\/wp-json\/wp\/v2\/users\/1"}],"replies":[{"embeddable":true,"href":"https:\/\/design.inexence.group\/en\/wp-json\/wp\/v2\/comments?post=1265"}],"version-history":[{"count":0,"href":"https:\/\/design.inexence.group\/en\/wp-json\/wp\/v2\/pages\/1265\/revisions"}],"wp:attachment":[{"href":"https:\/\/design.inexence.group\/en\/wp-json\/wp\/v2\/media?parent=1265"}],"curies":[{"name":"wp","href":"https:\/\/api.w.org\/{rel}","templated":true}]}}